{"id":7452,"date":"2024-12-13T16:12:38","date_gmt":"2024-12-13T14:12:38","guid":{"rendered":"https:\/\/www.hebo.fi\/fi\/?page_id=7452"},"modified":"2024-12-13T16:12:38","modified_gmt":"2024-12-13T14:12:38","slug":"vastuullisuus","status":"publish","type":"page","link":"https:\/\/www.hebo.fi\/fi\/orkesteri\/vastuullisuus\/","title":{"rendered":"VASTUULLISUUS"},"content":{"rendered":"<p><strong>Yhteis\u00f6llisyyden ja yhdenvertaisuuden periaatteet<\/strong><\/p>\n<p>Helsingin Barokkiorkesterin arvojen mukaisesti tasa-arvosta, yhdenvertaisuudesta ja toisten kunnioittamisesta syntyy yhteis\u00f6llisyys, joka kuuluu my\u00f6s soivassa lopputuloksessa.<\/p>\n<p>Orkesteri sitoutuu luomaan yhdenvertaiset ja h\u00e4iri\u00f6tt\u00f6m\u00e4t olosuhteet yleis\u00f6lle, taiteilijoille, henkil\u00f6st\u00f6lle ja kaikille osallistujille.<\/p>\n<ul>\n<li>Moninaisuus on orkesterille rikkaus.<\/li>\n<li>Periaatteet edist\u00e4v\u00e4t kunnioittavaa, yhdenvertaista ja yhteis\u00f6llist\u00e4 toimintaa ja ilmapiiri\u00e4, niin sanoja kuin tekojakin.<\/li>\n<li>Arvostamme ja kannustamme jokaista omana itsen\u00e4\u00e4n.<\/li>\n<li>Kunnioitamme kunkin asettamia rajoja ja oikeutta osallistua.<\/li>\n<li>Kannamme jokainen vastuumme turvallisesta ja h\u00e4iri\u00f6tt\u00f6m\u00e4st\u00e4 ymp\u00e4rist\u00f6st\u00e4.<\/li>\n<li>Emme hyv\u00e4ksy mink\u00e4\u00e4nlaista syrjint\u00e4\u00e4, h\u00e4irint\u00e4\u00e4, rasismia tai painostamista.<\/li>\n<\/ul>\n<p>Helsingin Barokkiorkesteri noudattaa yhdistyksen hallituksen hyv\u00e4ksym\u00e4\u00e4 tasa-arvoja yhdenvertaisuussuunnitelmaa, jonka toteutumista hallitus seuraa s\u00e4\u00e4nn\u00f6llisesti. Orkesterilla on my\u00f6s sis\u00e4inen ohjeistus hyv\u00e4n ty\u00f6yhteis\u00f6n toimintaperiaatteisiin.<\/p>\n<p>Mik\u00e4li kohtaat h\u00e4irint\u00e4\u00e4 tai muuta ep\u00e4asiallista kohtelua, voit ottaa yhteytt\u00e4 Helsingin Barokkiorkesterin henkil\u00f6kuntaan tai h\u00e4irint\u00e4yhdyshenkil\u00f6\u00f6mme: Ilona Kaski, tuottaja, ilona.kaski@hebo.fi, +358 40 704 7230<\/p>\n<p>&nbsp;<\/p>\n<p>&nbsp;<\/p>\n","protected":false},"excerpt":{"rendered":"<p>Yhteis\u00f6llisyyden ja yhdenvertaisuuden periaatteet Helsingin Barokkiorkesterin arvojen mukaisesti tasa-arvosta, yhdenvertaisuudesta ja toisten kunnioittamisesta syntyy yhteis\u00f6llisyys, joka kuuluu my\u00f6s soivassa lopputuloksessa. Orkesteri sitoutuu luomaan yhdenvertaiset ja h\u00e4iri\u00f6tt\u00f6m\u00e4t olosuhteet yleis\u00f6lle, taiteilijoille, henkil\u00f6st\u00f6lle ja kaikille osallistujille. Moninaisuus on orkesterille rikkaus. Periaatteet edist\u00e4v\u00e4t kunnioittavaa, yhdenvertaista ja yhteis\u00f6llist\u00e4 toimintaa ja ilmapiiri\u00e4, niin sanoja kuin tekojakin. Arvostamme ja kannustamme jokaista omana [&hellip;]<\/p>\n","protected":false},"author":6,"featured_media":0,"parent":2,"menu_order":4,"comment_status":"closed","ping_status":"closed","template":"","meta":{"_acf_changed":false,"footnotes":""},"class_list":["post-7452","page","type-page","status-publish","hentry"],"acf":[],"_links":{"self":[{"href":"https:\/\/www.hebo.fi\/fi\/wp-json\/wp\/v2\/pages\/7452","targetHints":{"allow":["GET"]}}],"collection":[{"href":"https:\/\/www.hebo.fi\/fi\/wp-json\/wp\/v2\/pages"}],"about":[{"href":"https:\/\/www.hebo.fi\/fi\/wp-json\/wp\/v2\/types\/page"}],"author":[{"embeddable":true,"href":"https:\/\/www.hebo.fi\/fi\/wp-json\/wp\/v2\/users\/6"}],"replies":[{"embeddable":true,"href":"https:\/\/www.hebo.fi\/fi\/wp-json\/wp\/v2\/comments?post=7452"}],"version-history":[{"count":1,"href":"https:\/\/www.hebo.fi\/fi\/wp-json\/wp\/v2\/pages\/7452\/revisions"}],"predecessor-version":[{"id":7453,"href":"https:\/\/www.hebo.fi\/fi\/wp-json\/wp\/v2\/pages\/7452\/revisions\/7453"}],"up":[{"embeddable":true,"href":"https:\/\/www.hebo.fi\/fi\/wp-json\/wp\/v2\/pages\/2"}],"wp:attachment":[{"href":"https:\/\/www.hebo.fi\/fi\/wp-json\/wp\/v2\/media?parent=7452"}],"curies":[{"name":"wp","href":"https:\/\/api.w.org\/{rel}","templated":true}]}}