{"id":6776,"date":"2022-08-19T11:32:15","date_gmt":"2022-08-19T08:32:15","guid":{"rendered":"https:\/\/www.hebo.fi\/fi\/?page_id=6776"},"modified":"2022-11-23T13:36:09","modified_gmt":"2022-11-23T11:36:09","slug":"genoveva","status":"publish","type":"page","link":"https:\/\/www.hebo.fi\/fi\/genoveva\/","title":{"rendered":"Genoveva"},"content":{"rendered":"<p class=\"ingress\">Robert Schumannin (1810\u20131856) runollinen ooppera <em>Genoveva<\/em> pohjautuu myyttiseen tarinaan, jossa viaton Genoveva tuomitaan kuolemaan.<\/p>\n<p>Harvoin esitetty ooppera keskittyy enemm\u00e4n henkil\u00f6iden sis\u00e4iseen maailmaan kuin n\u00e4ytt\u00e4m\u00f6tapahtumiin, antaen keskeisimm\u00e4n roolin ilmaisuvoimaiselle musiikille. Genoveva esitet\u00e4\u00e4n nyt ensimm\u00e4ist\u00e4 kertaa 1800-luvun periodisoittimilla. Animaatioilla ja puvuilla toteutettu visualisointi tuo esitykseen unen ja meditaation ulottuvuuksia.<\/p>\n<p>&nbsp;<\/p>\n","protected":false},"excerpt":{"rendered":"<p>Robert Schumannin (1810\u20131856) runollinen ooppera Genoveva pohjautuu myyttiseen tarinaan, jossa viaton Genoveva tuomitaan kuolemaan. Harvoin esitetty ooppera keskittyy enemm\u00e4n henkil\u00f6iden sis\u00e4iseen maailmaan kuin n\u00e4ytt\u00e4m\u00f6tapahtumiin, antaen keskeisimm\u00e4n roolin ilmaisuvoimaiselle musiikille. Genoveva esitet\u00e4\u00e4n nyt ensimm\u00e4ist\u00e4 kertaa 1800-luvun periodisoittimilla. Animaatioilla ja puvuilla toteutettu visualisointi tuo esitykseen unen ja meditaation ulottuvuuksia. &nbsp;<\/p>\n","protected":false},"author":1,"featured_media":6799,"parent":0,"menu_order":0,"comment_status":"closed","ping_status":"closed","template":"page-ylakuvalla.php","meta":{"_acf_changed":false,"footnotes":""},"class_list":["post-6776","page","type-page","status-publish","has-post-thumbnail","hentry"],"acf":[],"_links":{"self":[{"href":"https:\/\/www.hebo.fi\/fi\/wp-json\/wp\/v2\/pages\/6776","targetHints":{"allow":["GET"]}}],"collection":[{"href":"https:\/\/www.hebo.fi\/fi\/wp-json\/wp\/v2\/pages"}],"about":[{"href":"https:\/\/www.hebo.fi\/fi\/wp-json\/wp\/v2\/types\/page"}],"author":[{"embeddable":true,"href":"https:\/\/www.hebo.fi\/fi\/wp-json\/wp\/v2\/users\/1"}],"replies":[{"embeddable":true,"href":"https:\/\/www.hebo.fi\/fi\/wp-json\/wp\/v2\/comments?post=6776"}],"version-history":[{"count":6,"href":"https:\/\/www.hebo.fi\/fi\/wp-json\/wp\/v2\/pages\/6776\/revisions"}],"predecessor-version":[{"id":6894,"href":"https:\/\/www.hebo.fi\/fi\/wp-json\/wp\/v2\/pages\/6776\/revisions\/6894"}],"wp:featuredmedia":[{"embeddable":true,"href":"https:\/\/www.hebo.fi\/fi\/wp-json\/wp\/v2\/media\/6799"}],"wp:attachment":[{"href":"https:\/\/www.hebo.fi\/fi\/wp-json\/wp\/v2\/media?parent=6776"}],"curies":[{"name":"wp","href":"https:\/\/api.w.org\/{rel}","templated":true}]}}