{"id":5092,"date":"2017-03-11T14:47:25","date_gmt":"2017-03-11T12:47:25","guid":{"rendered":"https:\/\/www.hebo.fi\/fi\/?page_id=5092"},"modified":"2026-01-14T13:51:48","modified_gmt":"2026-01-14T11:51:48","slug":"liput","status":"publish","type":"page","link":"https:\/\/www.hebo.fi\/fi\/liput\/","title":{"rendered":"Liput"},"content":{"rendered":"<h3>Yksitt\u00e4isliput<\/h3>\n<p>Yksitt\u00e4islippujen hinnoittelu on konserttikohtainen. Kaikissa konserteissa on alennukset el\u00e4kel\u00e4isille, opiskelijoille, varus- ja siviilipalvelusmiehille, ty\u00f6tt\u00f6mille ja lapsille, sek\u00e4 konserttipaikasta riippuen my\u00f6s katsomopaikan mukaan m\u00e4\u00e4r\u00e4ytyv\u00e4t hintakategoriat. Yksitt\u00e4islippuja Musiikkitalon konsertteihin myy ainoastaan <strong><a href=\"https:\/\/musiikkitalo.fi\/konsertit-ja-tapahtumat?search=hebo&amp;date=2026-1-1\">Musiikkitalon lipunmyynti.<\/a> <\/strong>Muihin konsertteihin voi lippuja ostaa Ticketmasterin <strong><a href=\"http:\/\/www.ticketmaster.fi\/artist\/helsingin-barokkiorkesteri-lippuja\/950183?tm_link=tm_featured_attraction_search\">verkkokaupasta<\/a>,<\/strong> Ticketmasterin <strong><a href=\"http:\/\/www.ticketmaster.fi\/help\/outlets.fi-fi.html?language=fi-fi\">palvelupisteist\u00e4<\/a><\/strong> tai konserttip\u00e4iv\u00e4n\u00e4 ovelta.<\/p>\n<h3>Sarjalippu<\/h3>\n<p>Sarjalippu Vanhan musiikin sarjan konsertteihin tarjoaa mahdollisuuden nauttia sarjan konserteista jopa 20 % alennuksella. Sarjalipun hintaan sis\u00e4ltyy kauden ohjelmakirja, joka lunastetaan konserttipaikalla ohjelmakirjojen myyj\u00e4lt\u00e4 sarjalippua n\u00e4ytt\u00e4m\u00e4ll\u00e4. Sarjalippu on myynniss\u00e4 aina kev\u00e4t- tai syyskauden ensimm\u00e4iseen konserttiin saakka. Sarjaliput ovat myynniss\u00e4<strong><a href=\"https:\/\/musiikkitalo.fi\/konsertit-ja-tapahtumat?search=hebo&amp;date=2026-1-1\"> Musiikkitalon lipunmyynniss\u00e4<\/a>.<br \/>\n<\/strong><br \/>\n<em><strong>Huom!<\/strong> Sarjalipun kev\u00e4tkauden 2026 nelj\u00e4\u00e4n Musiikkitalon konserttiin viimeist\u00e4\u00e4n 8.2.2026 ostaneet saavat veloituksetta lipun Stabat Mater -konserttiin 19.5.2026 Temppeliaukion kirkossa. Bonuskonsertin saapumisohjeet ja muut tarkemmat tiedot l\u00e4hetet\u00e4\u00e4n sarjalipun ostajille s\u00e4hk\u00f6postitse helmikuussa 2026.<\/em><strong><br \/>\n<\/strong><\/p>\n<h3>Nuorisolippu<\/h3>\n<p>Vitosella konserttiin! Viikkoa ennen konserttia avaamme myyntiin Nuorisolipun. Se on voimassa 2. ja 3. kategorian paikoilla kaikille alle 25-vuotiaille. Liput myyd\u00e4\u00e4n normaaleista myyntikanavista alennukseen oikeuttavalla todistuksella.<\/p>\n<h3>Ryhm\u00e4alennus<\/h3>\n<p>10 % alennus normaalihinnasta v\u00e4hint\u00e4\u00e4n 10 hengen ryhmille. Suurille ryhmille voidaan tehd\u00e4 oma tarjous.<\/p>\n<p>Musiikkitalon ryhm\u00e4myynti: <a href=\"ryhmat@musiikkitalo.fi\">ryhmat @ musiikkitalo.fi<\/a> tai puh. 0600 411 101<br \/>\nKirkkokonserttien ryhm\u00e4myynti: tuottaja Ilona Kaski, <a href=\"mailto:ilona.kaski@hebo.fi\">ilona.kaski @ hebo.fi<\/a><\/p>\n<h3>Palvelumaksut<\/h3>\n<p>Musiikkitalon ja Ticketmasterin palvelumaksut sis\u00e4ltyv\u00e4t nettisivuillamme ja esitteiss\u00e4mme ilmoitettuihin hintoihin.<\/p>\n","protected":false},"excerpt":{"rendered":"<p>Yksitt\u00e4isliput Yksitt\u00e4islippujen hinnoittelu on konserttikohtainen. Kaikissa konserteissa on alennukset el\u00e4kel\u00e4isille, opiskelijoille, varus- ja siviilipalvelusmiehille, ty\u00f6tt\u00f6mille ja lapsille, sek\u00e4 konserttipaikasta riippuen my\u00f6s katsomopaikan mukaan m\u00e4\u00e4r\u00e4ytyv\u00e4t hintakategoriat. Yksitt\u00e4islippuja Musiikkitalon konsertteihin myy ainoastaan Musiikkitalon lipunmyynti. Muihin konsertteihin voi lippuja ostaa Ticketmasterin verkkokaupasta, Ticketmasterin palvelupisteist\u00e4 tai konserttip\u00e4iv\u00e4n\u00e4 ovelta. Sarjalippu Sarjalippu Vanhan musiikin sarjan konsertteihin tarjoaa mahdollisuuden nauttia sarjan konserteista [&hellip;]<\/p>\n","protected":false},"author":6,"featured_media":0,"parent":0,"menu_order":0,"comment_status":"closed","ping_status":"closed","template":"","meta":{"_acf_changed":false,"footnotes":""},"class_list":["post-5092","page","type-page","status-publish","hentry"],"acf":[],"_links":{"self":[{"href":"https:\/\/www.hebo.fi\/fi\/wp-json\/wp\/v2\/pages\/5092","targetHints":{"allow":["GET"]}}],"collection":[{"href":"https:\/\/www.hebo.fi\/fi\/wp-json\/wp\/v2\/pages"}],"about":[{"href":"https:\/\/www.hebo.fi\/fi\/wp-json\/wp\/v2\/types\/page"}],"author":[{"embeddable":true,"href":"https:\/\/www.hebo.fi\/fi\/wp-json\/wp\/v2\/users\/6"}],"replies":[{"embeddable":true,"href":"https:\/\/www.hebo.fi\/fi\/wp-json\/wp\/v2\/comments?post=5092"}],"version-history":[{"count":18,"href":"https:\/\/www.hebo.fi\/fi\/wp-json\/wp\/v2\/pages\/5092\/revisions"}],"predecessor-version":[{"id":7683,"href":"https:\/\/www.hebo.fi\/fi\/wp-json\/wp\/v2\/pages\/5092\/revisions\/7683"}],"wp:attachment":[{"href":"https:\/\/www.hebo.fi\/fi\/wp-json\/wp\/v2\/media?parent=5092"}],"curies":[{"name":"wp","href":"https:\/\/api.w.org\/{rel}","templated":true}]}}