{"id":345,"date":"2013-06-28T12:44:10","date_gmt":"2013-06-28T09:44:10","guid":{"rendered":"https:\/\/www.hebo.fi\/fi\/?page_id=345"},"modified":"2025-06-01T12:47:32","modified_gmt":"2025-06-01T09:47:32","slug":"yhteystiedot","status":"publish","type":"page","link":"https:\/\/www.hebo.fi\/fi\/yhteystiedot\/","title":{"rendered":"Yhteystiedot"},"content":{"rendered":"<h3>Helsingin Barokkiorkesteri<\/h3>\n<p>Pohjoinen Hesperiankatu 15 A 10<br \/>\n00260 Helsinki<\/p>\n<p>Y-tunnus 1800552-0<br \/>\ninfo @ hebo.fi<\/p>\n<h3>Laskutusosoite<\/h3>\n<p>Verkkolaskutus (ensisijainen laskutusmuotomme):<br \/>\nOVT: 003718005520<\/p>\n<p>Laskuliikenneoperaattorina Apix Messaging Oy, v\u00e4litt\u00e4j\u00e4tunnus (003723327487)<\/p>\n<p>Pdf-laskut s\u00e4hk\u00f6postilla:<br \/>\nOsoitteeseen 003718005520 @ procountor.apix.fi<br \/>\nHuom! Laskut vain pdf-muodossa, ei muita tiedostomuotoja. J\u00e4t\u00e4 viestin otsikkokentt\u00e4 tyhj\u00e4ksi. Laskun mahdolliset liitteet samaan pdf-dokumenttiin laskun kanssa.<\/p>\n<p>Paperilaskut:<br \/>\nHelsingin Barokkiorkesterin yhdistys ry<br \/>\nPL 16112<br \/>\n00021 Laskutus<br \/>\nHuom! PL-osoite on kuoren lis\u00e4ksi merkitt\u00e4v\u00e4 my\u00f6s itse laskuun tai k\u00e4ytett\u00e4v\u00e4 ikkunallista kuorta.<\/p>\n","protected":false},"excerpt":{"rendered":"<p>Helsingin Barokkiorkesteri Pohjoinen Hesperiankatu 15 A 10 00260 Helsinki Y-tunnus 1800552-0 info @ hebo.fi Laskutusosoite Verkkolaskutus (ensisijainen laskutusmuotomme): OVT: 003718005520 Laskuliikenneoperaattorina Apix Messaging Oy, v\u00e4litt\u00e4j\u00e4tunnus (003723327487) Pdf-laskut s\u00e4hk\u00f6postilla: Osoitteeseen 003718005520 @ procountor.apix.fi Huom! Laskut vain pdf-muodossa, ei muita tiedostomuotoja. J\u00e4t\u00e4 viestin otsikkokentt\u00e4 tyhj\u00e4ksi. Laskun mahdolliset liitteet samaan pdf-dokumenttiin laskun kanssa. Paperilaskut: Helsingin Barokkiorkesterin yhdistys ry [&hellip;]<\/p>\n","protected":false},"author":2,"featured_media":0,"parent":0,"menu_order":12,"comment_status":"closed","ping_status":"closed","template":"page-yhteystiedot.php","meta":{"_acf_changed":false,"footnotes":""},"class_list":["post-345","page","type-page","status-publish","hentry"],"acf":[],"_links":{"self":[{"href":"https:\/\/www.hebo.fi\/fi\/wp-json\/wp\/v2\/pages\/345","targetHints":{"allow":["GET"]}}],"collection":[{"href":"https:\/\/www.hebo.fi\/fi\/wp-json\/wp\/v2\/pages"}],"about":[{"href":"https:\/\/www.hebo.fi\/fi\/wp-json\/wp\/v2\/types\/page"}],"author":[{"embeddable":true,"href":"https:\/\/www.hebo.fi\/fi\/wp-json\/wp\/v2\/users\/2"}],"replies":[{"embeddable":true,"href":"https:\/\/www.hebo.fi\/fi\/wp-json\/wp\/v2\/comments?post=345"}],"version-history":[{"count":137,"href":"https:\/\/www.hebo.fi\/fi\/wp-json\/wp\/v2\/pages\/345\/revisions"}],"predecessor-version":[{"id":7576,"href":"https:\/\/www.hebo.fi\/fi\/wp-json\/wp\/v2\/pages\/345\/revisions\/7576"}],"wp:attachment":[{"href":"https:\/\/www.hebo.fi\/fi\/wp-json\/wp\/v2\/media?parent=345"}],"curies":[{"name":"wp","href":"https:\/\/api.w.org\/{rel}","templated":true}]}}